{"id":6,"date":"2010-05-05T01:46:20","date_gmt":"2010-05-05T01:46:20","guid":{"rendered":"http:\/\/renatoalvesblog.wordpress.com\/?page_id=2"},"modified":"2018-12-10T07:07:35","modified_gmt":"2018-12-10T10:07:35","slug":"about","status":"publish","type":"page","link":"https:\/\/renatoalves.com.br\/blog\/about\/","title":{"rendered":"Quem \u00e9 Renato Alves?"},"content":{"rendered":"<div class=\"\">\n<h2 style=\"text-align: center;\"><\/h2>\n<\/div>\n<div>\n<figure id=\"attachment_5497\" aria-describedby=\"caption-attachment-5497\" style=\"width: 335px\" class=\"wp-caption aligncenter\"><img fetchpriority=\"high\" decoding=\"async\" class=\"wp-image-5497 \" title=\"livros de memoriza\u00e7\u00e3o\" src=\"https:\/\/renatoalves.com.br\/blog\/wp-content\/uploads\/2018\/08\/bienal-do-livro-01.jpg\" alt=\"\" width=\"335\" height=\"255\" srcset=\"https:\/\/renatoalves.com.br\/blog\/wp-content\/uploads\/2018\/08\/bienal-do-livro-01.jpg 700w, https:\/\/renatoalves.com.br\/blog\/wp-content\/uploads\/2018\/08\/bienal-do-livro-01-300x228.jpg 300w, https:\/\/renatoalves.com.br\/blog\/wp-content\/uploads\/2018\/08\/bienal-do-livro-01-610x464.jpg 610w\" sizes=\"(max-width: 335px) 100vw, 335px\" \/><figcaption id=\"caption-attachment-5497\" class=\"wp-caption-text\">Renato Alves na Bienal do livro 2018<\/figcaption><\/figure>\n<\/div>\n<div style=\"text-align: justify;\"><strong>Eu acredito, do fundo do meu cora\u00e7\u00e3o<\/strong>, que todo estudante que passa horas isolado num quarto, que abre m\u00e3o do final de semana para estudar dezenas de livros, que enfrenta a fam\u00edlia, que abre m\u00e3o da vida social em busca do sonho da aprova\u00e7\u00e3o, MERECE VENCER.<\/div>\n<div style=\"text-align: justify;\"><\/div>\n<div style=\"text-align: justify;\">Existem muitas formas de vencer na vida, entretanto, <strong>vencer pelos estudos \u00e9 a maior honra<\/strong> que algu\u00e9m pode receber. Vencer na vida por ter se dedicado a leitura de bons livros, por ter desafiado milhares de vezes seu intelecto, por ter arrasando nas provas de vestibulares e concursos \u00e9 a maior medalha de compet\u00eancia que um ser humano pode carregar.<\/div>\n<div style=\"text-align: justify;\"><\/div>\n<div style=\"text-align: justify;\">\u00c9 atrav\u00e9s do ensino de estrat\u00e9gias de aprendizagem acelerada, estudo e memoriza\u00e7\u00e3o de livros que tenho assistido todos os dias, ao longo dos \u00faltimos 20 anos, a vit\u00f3ria de pessoas comuns que passaram entre os primeiros colocados em provas, vestibulares e concursos.<\/div>\n<div style=\"text-align: justify;\"><\/div>\n<div>A minha miss\u00e3o de vida \u00e9 ajudar voc\u00ea a buscar a sua aprova\u00e7\u00e3o.<\/div>\n<div><\/div>\n<div>Sinta-se \u00e0 vontade em meu Blog.<\/div>\n<div><\/div>\n<div>Um forte abra\u00e7o,<\/div>\n<div><\/div>\n<div>Renato Alves.<\/div>\n<div>\n<hr \/>\n<\/div>\n<div class=\"\">\n<div style=\"text-align: justify;\"><a href=\"http:\/\/www.renatoalves.com.br\"><b class=\"\">Renato Alves<\/b><\/a> foi o primeiro brasileiro a receber o t\u00edtulo de <i class=\"\">Melhor Mem\u00f3ria do Brasil.<\/i><\/div>\n<div style=\"text-align: justify;\"><\/div>\n<div class=\"\" style=\"text-align: justify;\">O t\u00edtulo in\u00e9dito foi homologado no <em>Rank Brasil<\/em>, o livro dos recordes nacionais.<\/div>\n<div class=\"\" style=\"text-align: justify;\"><span class=\"\">Graduado em Ci\u00eancias da Computa\u00e7\u00e3o pela Universidade de Mar\u00edlia, trabalhou com an\u00e1lise e desenvolvimento de sistemas computacionais. Foi professor de algoritmos de programa\u00e7\u00e3o e estudou Ci\u00eancias Cognitivas e Filosofia da Mente pela UNESP e p\u00f3s-graduado em Gest\u00e3o Empresarial.<\/span><\/div>\n<div style=\"text-align: justify;\"><\/div>\n<div class=\"\" style=\"text-align: justify;\"><span class=\"\">Membro do GAEC (Grupo Acad\u00eamico de Estudos Cognitivos) e tornou-se pesquisador cognitivo nas \u00e1reas de aprendizagem, concentra\u00e7\u00e3o e mem\u00f3ria. Autor dos livros:<\/span><\/div>\n<div style=\"text-align: justify;\">\n<div><\/div>\n<div class=\"\"><span class=\"\"><strong>Os segredos para ter mem\u00f3ria forte e c\u00e9rebro sempre jovem;<\/strong><\/span><\/div>\n<div><span class=\"\"><b class=\"\">O C\u00e9rebro com Foco e Disciplina;<\/b><\/span><\/div>\n<\/div>\n<div style=\"text-align: justify;\"><b class=\"\">Fa\u00e7a seu C\u00e9rebro Trabalhar para Voc\u00ea;<\/b><\/div>\n<div style=\"text-align: justify;\"><b class=\"\">N\u00e3o Pergunte se ele Estudou;<\/b><\/div>\n<div style=\"text-align: justify;\"><b class=\"\">Os 10 H\u00e1bitos da Memoriza\u00e7\u00e3o;<\/b><\/div>\n<div style=\"text-align: justify;\"><b class=\"\">Di\u00e1logo sem Duelo;<\/b><\/div>\n<div style=\"text-align: justify;\"><b class=\"\">O Segredo dos G\u00eanios;<\/b><\/div>\n<div class=\"\" style=\"text-align: justify;\"><b class=\"\">Branco na Mem\u00f3ria;<\/b><\/div>\n<div style=\"text-align: justify;\"><\/div>\n<div class=\"\" style=\"text-align: justify;\"><span class=\"\">Palestrante de renome internacional os trabalhos desenvolvidos por Renato Alves j\u00e1 impactaram mais de 3 milh\u00f5es de pessoas em mais de 100 pa\u00edses.<\/span><\/div>\n<div style=\"text-align: justify;\"><\/div>\n<div style=\"text-align: justify;\">Ver biografia completa no site oficial <a href=\"http:\/\/www.renatoalves.com.br\">(clique aqui)<\/a>.<\/div>\n<\/div>\n","protected":false},"excerpt":{"rendered":"<p>Eu acredito, do fundo do meu cora\u00e7\u00e3o, que todo estudante que passa horas isolado num quarto, que abre m\u00e3o do final de semana para estudar dezenas de livros, que enfrenta a fam\u00edlia, que abre m\u00e3o da vida social em busca do sonho da aprova\u00e7\u00e3o, MERECE VENCER. Existem muitas formas de vencer na vida, entretanto, vencer [&hellip;]<\/p>\n","protected":false},"author":24,"featured_media":0,"parent":0,"menu_order":0,"comment_status":"open","ping_status":"open","template":"","meta":{"footnotes":""},"class_list":["post-6","page","type-page","status-publish","hentry"],"_links":{"self":[{"href":"https:\/\/renatoalves.com.br\/blog\/wp-json\/wp\/v2\/pages\/6","targetHints":{"allow":["GET"]}}],"collection":[{"href":"https:\/\/renatoalves.com.br\/blog\/wp-json\/wp\/v2\/pages"}],"about":[{"href":"https:\/\/renatoalves.com.br\/blog\/wp-json\/wp\/v2\/types\/page"}],"author":[{"embeddable":true,"href":"https:\/\/renatoalves.com.br\/blog\/wp-json\/wp\/v2\/users\/24"}],"replies":[{"embeddable":true,"href":"https:\/\/renatoalves.com.br\/blog\/wp-json\/wp\/v2\/comments?post=6"}],"version-history":[{"count":0,"href":"https:\/\/renatoalves.com.br\/blog\/wp-json\/wp\/v2\/pages\/6\/revisions"}],"wp:attachment":[{"href":"https:\/\/renatoalves.com.br\/blog\/wp-json\/wp\/v2\/media?parent=6"}],"curies":[{"name":"wp","href":"https:\/\/api.w.org\/{rel}","templated":true}]}}